{"id":682,"date":"2017-04-21T22:51:16","date_gmt":"2017-04-21T22:51:16","guid":{"rendered":"https:\/\/www.evento.love\/blog\/?page_id=682"},"modified":"2017-04-26T07:58:58","modified_gmt":"2017-04-26T07:58:58","slug":"bases-del-sorteo-familylove-en-familyland-market-madrid","status":"publish","type":"page","link":"https:\/\/www.evento.love\/blog\/bases-del-sorteo-familylove-en-familyland-market-madrid\/","title":{"rendered":"Bases del sorteo #familylove en FamilyLand Market Madrid"},"content":{"rendered":"<p><strong>Bases legales del concurso de Evento.love \u201c#familylove\u201d en \u00a0FamilyLand Market edici\u00f3n Primavera<\/strong><\/p>\n<p><strong>\u00a0<\/strong><\/p>\n<ol>\n<li><strong> ORGANIZADOR Y OBJETO DEL CONCURSO.<\/strong><\/li>\n<\/ol>\n<p>Zona Zen S.L. (en adelante <strong>Evento.love<\/strong>) llevar\u00e1 a cabo un CONCURSO entre los usuarios (nuevos y actuales) residentes en la Comunidad de Madrid y entre los asistentes durante el evento FamilyLand Market Madrid el 22 y 23 de abril de 2017.<\/p>\n<p>El concurso tendr\u00e1 la finalidad de fomentar la participaci\u00f3n e interacci\u00f3n en el perfil de de redes sociales de la marca Evento.love principalmente en Facebook y, paralelamente, Twitter e Instagram.<\/p>\n<ol start=\"2\">\n<li><strong> \u00c1MBITO TERRITORIAL Y DE APLICACI\u00d3N DE LA PROMOCI\u00d3N.<\/strong><\/li>\n<\/ol>\n<p>El CONCURSO se llevar\u00e1 a cabo dentro de la Comunidad de Madrid.<\/p>\n<ol start=\"3\">\n<li><strong> \u00c1MBITO TEMPORAL.<\/strong><\/li>\n<\/ol>\n<p>El periodo de participaci\u00f3n en el CONCURSO comenzar\u00e1 el d\u00eda <strong>26\u00a0de abril de 2017 <\/strong>y finalizar\u00e1 el d\u00eda\u00a0<strong>7 de mayo de 2017<\/strong>, ambos d\u00edas incluidos.<\/p>\n<ol start=\"4\">\n<li><strong> CAR\u00c1CTER GRATUITO DEL CONCURSO.<\/strong><\/li>\n<\/ol>\n<p>El CONCURSO se llevar\u00e1 a cabo bajo la modalidad de \u201cCONCURSO gratuito\u201d, es decir, la participaci\u00f3n en este CONCURSO no implicar\u00e1 ning\u00fan gasto para el participante.<strong>\u00a0<\/strong><\/p>\n<ol start=\"5\">\n<li><strong> COMUNICACI\u00d3N DEL CONCURSO.<\/strong><\/li>\n<\/ol>\n<p>El presente concurso se comunicar\u00e1 durante el per\u00edodo en el que se encuentre activo a trav\u00e9s de la p\u00e1gina de Facebook (https:\/\/www.facebook.com\/Evento.love\/), en el perfil de Twitter (https:\/\/twitter.com\/Evento_love) y en el perfil de Instagram (https:\/\/www.instagram.com\/evento.love\/).<\/p>\n<p>Tambi\u00e9n se difundir\u00e1 a trav\u00e9s del blog de la marca (http:\/\/evento-love.test:8080).<\/p>\n<ol start=\"6\">\n<li><strong> PERSONAS LEGITIMADAS Y REQUISITOS DEL CONCURSO.<\/strong><\/li>\n<\/ol>\n<p>La participaci\u00f3n se podr\u00e1 realizar de la siguiente forma:<\/p>\n<ul>\n<li>Los asistentes a FamilyLand Market Madrid los d\u00edas 22 y 23 de abril podr\u00e1n posar para una fotograf\u00eda en el photocall habilitado en el stand de Evento.love ubicado en el espacio dedicado al evento.<\/li>\n<\/ul>\n<p>Durante el desarrollo del evento, en el stand de Evento.love, un fot\u00f3grafo realizar\u00e1 las fotos a embarazadas, mam\u00e1s recientes, familia o amigos que quieran posar. Dispondr\u00e1n de una cartulina en la que podr\u00e1n escribir el mensaje que desean enviar \u201ca modo de c\u00e1psula del tiempo\u201d a su beb\u00e9. Por la parte de atr\u00e1s de la cartulina tendr\u00e1n informaci\u00f3n adicional sobre la marca a modo de informaci\u00f3n.<\/p>\n<p>Las im\u00e1genes no ser\u00e1n cedidas en ese momento a los participantes, sino que se colgar\u00e1n en el Facebook de Evento.love para su descarga.<\/p>\n<p>Las fotos realizadas en el evento se publicar\u00e1n en un \u00e1lbum en el perfil de Evento.love en Facebook el d\u00eda 25 de de abril a las 23.59 h., para proceder a votaci\u00f3n de los seguidores de Evento.love.<\/p>\n<p>Los participantes deber\u00e1n:<\/p>\n<ul>\n<li>Seguir a Evento.love en Facebook, Instagram y\/o Twitter.<\/li>\n<li>Buscar su foto en el \u00e1lbum #familylove con las fotos del evento en el perfil de Facebook de Evento.love.<\/li>\n<li>Conseguir el mayor n\u00famero de <strong>comentarios<\/strong> en la foto del participante del perfil de Facebook. (v\u00e1lido 1 comentario por usuario)<\/li>\n<\/ul>\n<p>No se contabilizar\u00e1n ni Me Gustas en las fotos ni Compartidos, s\u00f3lo los comentarios de una misma fotograf\u00eda, independientemente de que un s\u00f3lo participante tenga varias fotograf\u00edas en el concurso.<\/p>\n<p>Los participantes pueden conseguir participaciones extra si comparten su foto en Instagram y\/o Twitter. Para ello:<\/p>\n<ul>\n<li>Deben descargar la foto participantes desde su perfil de Facebook de Evento.love<\/li>\n<li>Seguir a Evento.love en Instagram y\/o Twitter, en funci\u00f3n de la red social desde donde realicen la participaci\u00f3n extra.<\/li>\n<li>Subirla a Instagram y\/o Twitter etiquetando a Evento.love y a\u00f1adiendo el hashtag #FamilyLandLove<\/li>\n<li>Conseguir el mayor n\u00famero de comentarios en la foto del participante compartida en sus redes sociales Instagram o Twitter. (v\u00e1lido 1 comentario por usuario)<\/li>\n<\/ul>\n<p>Todos los comentarios se sumar\u00e1n al final para cada fotograf\u00eda participante y quien m\u00e1s comentarios tenga, ganar\u00e1.<\/p>\n<p>Se aceptar\u00e1n comentarios hasta el 7 de mayo a las 23:59 h.<\/p>\n<p>El d\u00eda mi\u00e9rcoles 8\u00a0de mayo se publicar\u00e1n las 3 fotos con m\u00e1s comentarios en el blog de www.evento.love\/blog<\/p>\n<p>Ser\u00e1 responsabilidad del participante verificar si resulta ganador y los tres m\u00e1s votados se tendr\u00e1n que poner en contacto con Evento.love mediante email a hola@evento.love. De no comunicarse el concursante con m\u00e1s comentarios el premio pasar\u00e1 al segundo, de no comunicarse el segundo pasar\u00e1 al tercero y de no comunicarse el tercero, se declarar\u00e1 desierto. Ver las bases completas en el blog de www.evento.love\/blog<\/p>\n<ol start=\"7\">\n<li><strong> PREMIO<\/strong><\/li>\n<\/ol>\n<p>Habr\u00e1 un \u00fanico ganador que se llevar\u00e1 una tarta de fondant especialmente dise\u00f1ada para la ocasi\u00f3n, de dos pisos, similar a la que se expondr\u00e1 en el stand.<\/p>\n<ol start=\"8\">\n<li><strong> COMUNICACI\u00d3N DE LOS GANADORES<\/strong><\/li>\n<\/ol>\n<p>Una vez finalizado el concurso, se informar\u00e1 que ya se ha obtenido el nombre ganador mediante una publicaci\u00f3n en Facebook 8\u00a0de mayo. Pero el resultado del concurso ser\u00e1 comunicado, exclusivamente en el blog de Evento.love (<a href=\"https:\/\/www.evento.love\/blog\">http:\/\/evento-love.test:8080<\/a>).<\/p>\n<p>Se publicar\u00e1n las fotos de los 3 m\u00e1ximos votados. Ser\u00e1 responsabilidad del participante verificar si resulta ganador y los tres m\u00e1s votados se tendr\u00e1n que poner en contacto con Evento.love mediante email a hola@evento.love<\/p>\n<p>Los 3 m\u00e1ximos votados deben ponerse en contacto con Evento.love antes del 31 de mayo.<\/p>\n<p>La entrega del premio se har\u00e1 en mano, en una fecha a convenir en Madrid Capital. Se har\u00e1 un peque\u00f1o reportaje fotogr\u00e1fico con la entrega del premio y se publicar\u00e1 en los medios corporativos de Evento.love.<\/p>\n<ol start=\"9\">\n<li><strong> CESI\u00d3N DE DERECHOS<\/strong><\/li>\n<\/ol>\n<p>Los participantes en el\u00a0CONCURSO\u00a0ceden a Evento.love todos los derechos de propiedad intelectual o industrial, existentes o que puedan derivarse.<strong>\u00a0<\/strong><\/p>\n<p><strong>10.- RESERVAS Y LIMITACIONES<\/strong><\/p>\n<p>Evento.love se reserva la posibilidad de rechazar el registro de aquellos participantes cuyos datos no est\u00e9n completos o sus participaciones no cumplan los requisitos para poder entrar en el concurso.<\/p>\n<p>No se aceptar\u00e1n duplicados de comentarios realizados por el mismo usuario o usuarios distintos.<\/p>\n<p>No se aceptar\u00e1n perfiles falsos o \u201crecientes\u201d de usuarios en los comentarios. Los perfiles deben tener al menos una antig\u00fcedad de 1 mes.<\/p>\n<p>No se aceptar\u00e1n perfiles que s\u00f3lo participen en sorteos o cuyas \u00faltimas 20 publicaciones p\u00fablicas sean con tem\u00e1tica de concurso o sorteos de marcas.<\/p>\n<p>Ser\u00e1 motivo de inmediata descalificaci\u00f3n aquellas participaciones que utilicen automatismos, perfiles falsos, duplicados de perfil, mensajes autom\u00e1ticos, o robots.<\/p>\n<p>Evento.love se reserva el derecho a efectuar cambios que redunden en el buen fin del CONCURSO, cuando concurra causa justa o motivos de fuerza mayor que impidan llevarlo a t\u00e9rmino en la forma descrita en estas bases.<strong>\u00a0<\/strong><\/p>\n<p><strong>11.- ACEPTACI\u00d3N<\/strong><\/p>\n<p>La participaci\u00f3n en el CONCURSO\u00a0implica, por s\u00ed misma, la aceptaci\u00f3n de las presentes bases. La falta de esta aceptaci\u00f3n por parte del participante comportar\u00e1 la exclusi\u00f3n de su participaci\u00f3n en el CONCURSO.<strong>\u00a0<\/strong><\/p>\n<p><strong>12.-TRATAMIENTO DE DATOS PERSONALES<\/strong><\/p>\n<p>En cumplimiento de lo dispuesto en la Ley 15\/1999, de la Ley de Protecci\u00f3n de Datos de Car\u00e1cter Personal, le informamos que los datos personales que nos facilite tanto para la participaci\u00f3n del concurso de Facebook como en el stand, se tomar\u00e1n los datos de los visitantes a fin de una comunicaci\u00f3n posterior de servicios y promociones de la empresa. Estos datos no condicionan la participaci\u00f3n en el concurso, quedar\u00e1n incorporados de forma confidencial en un fichero. En cumplimiento de lo establecido en la Ley de Servicios de la Sociedad de la Informaci\u00f3n y de Comercio Electr\u00f3nico (LSSI), en el momento de la recogida de datos se solicitar\u00e1 a los usuarios su consentimiento expreso para que Evento.love pueda hacer uso de sus datos a fin de remitirle informaci\u00f3n y publicidad por medio de correo electr\u00f3nico o medios equivalentes, como SMS en tel\u00e9fonos m\u00f3viles.<\/p>\n<p>Para la publicaci\u00f3n de im\u00e1genes de fotos de menor, es obligatoria la firma de la correspondiente autorizaci\u00f3n.<\/p>\n<p>Estos datos se mantendr\u00e1n en la m\u00e1s estricta privacidad de acuerdo con la legislaci\u00f3n vigente.<\/p>\n<p>Los participantes en esta promoci\u00f3n y los usuarios registrados podr\u00e1n ejercer, en relaci\u00f3n con sus datos personales, los derechos de acceso, rectificaci\u00f3n, cancelaci\u00f3n y revocaci\u00f3n del consentimiento para la cesi\u00f3n de los mismos, en los t\u00e9rminos referidos en la Ley Org\u00e1nica 15\/1999 de13 de diciembre sobre Protecci\u00f3n de Datos de Car\u00e1cter Personal y dem\u00e1s normas que la desarrollan.<\/p>\n<p>En cualquier momento podr\u00e1 ejercer los Derechos de acceso y rectificaci\u00f3n a trav\u00e9s de los medios establecidos para el ejercicio de los Derechos de acceso, rectificaci\u00f3n, cancelaci\u00f3n y oposici\u00f3n que consisten en el env\u00edo de la solicitud de ejercicio correspondiente junto con tu copia del documento oficial que te identifique (DNI, carnet de conducir o pasaporte) a la direcci\u00f3n de correo electr\u00f3nico hola @ evento.love a por correo postal a Zona Zen S.L.U. \u2013 Isabel de Valois 82, Portal I, 3\u00ba B \u2013 28050 Madrid \u2013 Espa\u00f1a. As\u00ed mismo, en esta misma direcci\u00f3n de correo electr\u00f3nico podr\u00e1 solicitar su baja en el sistema de recepci\u00f3n de comunicaciones por v\u00eda electr\u00f3nica.<\/p>\n<!-- AddThis Advanced Settings generic via filter on the_content --><!-- AddThis Share Buttons generic via filter on the_content -->","protected":false},"excerpt":{"rendered":"<p>Bases legales del concurso de Evento.love \u201c#familylove\u201d en \u00a0FamilyLand Market edici\u00f3n Primavera \u00a0 ORGANIZADOR Y OBJETO DEL CONCURSO. Zona Zen S.L. (en adelante Evento.love) llevar\u00e1 a cabo un CONCURSO entre los usuarios (nuevos y actuales) residentes en la Comunidad de Madrid y entre los asistentes durante el evento FamilyLand Market Madrid el 22 y 23 de abril de 2017. El concurso tendr\u00e1 la finalidad de fomentar la participaci\u00f3n e interacci\u00f3n en el perfil de de redes sociales de la marca&#8230;<\/p>\n<p class=\"read-more\"><a class=\"btn btn-default\" href=\"https:\/\/www.evento.love\/blog\/bases-del-sorteo-familylove-en-familyland-market-madrid\/\"> Leer m\u00e1s<span class=\"screen-reader-text\">  Leer m\u00e1s<\/span><\/a><\/p>\n<p><!-- AddThis Advanced Settings generic via filter on get_the_excerpt --><!-- AddThis Share Buttons generic via filter on get_the_excerpt --><\/p>\n","protected":false},"author":1,"featured_media":0,"parent":0,"menu_order":0,"comment_status":"closed","ping_status":"closed","template":"","meta":{"content-type":""},"yoast_head":"<!-- This site is optimized with the Yoast SEO plugin v20.7 - https:\/\/yoast.com\/wordpress\/plugins\/seo\/ -->\n<title>Bases del sorteo #familylove en FamilyLand Market Madrid - El Blog de evento.love<\/title>\n<meta name=\"description\" content=\"Organiza tus fiestas, comuniones, bautizos, cumplea\u00f1os, baby shower, bodas y grandes celebraciones en Madrid con evento.love, \u00a1No te arrepentir\u00e1s!\" \/>\n<meta name=\"robots\" content=\"index, follow, max-snippet:-1, max-image-preview:large, max-video-preview:-1\" \/>\n<meta property=\"og:locale\" content=\"es_ES\" \/>\n<meta property=\"og:type\" content=\"article\" \/>\n<meta property=\"og:title\" content=\"Bases del sorteo #familylove en FamilyLand Market Madrid - El Blog de evento.love\" \/>\n<meta property=\"og:description\" content=\"Organiza tus fiestas, comuniones, bautizos, cumplea\u00f1os, baby shower, bodas y grandes celebraciones en Madrid con evento.love, \u00a1No te arrepentir\u00e1s!\" \/>\n<meta property=\"og:url\" content=\"https:\/\/www.evento.love\/blog\/bases-del-sorteo-familylove-en-familyland-market-madrid\/\" \/>\n<meta property=\"og:site_name\" content=\"El Blog de evento.love\" \/>\n<meta property=\"article:publisher\" content=\"https:\/\/www.facebook.com\/Evento.love\/\" \/>\n<meta property=\"article:modified_time\" content=\"2017-04-26T07:58:58+00:00\" \/>\n<meta name=\"twitter:card\" content=\"summary_large_image\" \/>\n<meta name=\"twitter:site\" content=\"@Evento_love\" \/>\n<meta name=\"twitter:label1\" content=\"Tiempo de lectura\" \/>\n\t<meta name=\"twitter:data1\" content=\"8 minutos\" \/>\n<!-- \/ Yoast SEO plugin. -->","yoast_head_json":{"title":"Bases del sorteo #familylove en FamilyLand Market Madrid - El Blog de evento.love","description":"Organiza tus fiestas, comuniones, bautizos, cumplea\u00f1os, baby shower, bodas y grandes celebraciones en Madrid con evento.love, \u00a1No te arrepentir\u00e1s!","robots":{"index":"index","follow":"follow","max-snippet":"max-snippet:-1","max-image-preview":"max-image-preview:large","max-video-preview":"max-video-preview:-1"},"og_locale":"es_ES","og_type":"article","og_title":"Bases del sorteo #familylove en FamilyLand Market Madrid - El Blog de evento.love","og_description":"Organiza tus fiestas, comuniones, bautizos, cumplea\u00f1os, baby shower, bodas y grandes celebraciones en Madrid con evento.love, \u00a1No te arrepentir\u00e1s!","og_url":"https:\/\/www.evento.love\/blog\/bases-del-sorteo-familylove-en-familyland-market-madrid\/","og_site_name":"El Blog de evento.love","article_publisher":"https:\/\/www.facebook.com\/Evento.love\/","article_modified_time":"2017-04-26T07:58:58+00:00","twitter_card":"summary_large_image","twitter_site":"@Evento_love","twitter_misc":{"Tiempo de lectura":"8 minutos"},"schema":{"@context":"https:\/\/schema.org","@graph":[{"@type":"WebPage","@id":"https:\/\/www.evento.love\/blog\/bases-del-sorteo-familylove-en-familyland-market-madrid\/","url":"https:\/\/www.evento.love\/blog\/bases-del-sorteo-familylove-en-familyland-market-madrid\/","name":"Bases del sorteo #familylove en FamilyLand Market Madrid - El Blog de evento.love","isPartOf":{"@id":"https:\/\/www.evento.love\/blog\/#website"},"datePublished":"2017-04-21T22:51:16+00:00","dateModified":"2017-04-26T07:58:58+00:00","description":"Organiza tus fiestas, comuniones, bautizos, cumplea\u00f1os, baby shower, bodas y grandes celebraciones en Madrid con evento.love, \u00a1No te arrepentir\u00e1s!","breadcrumb":{"@id":"https:\/\/www.evento.love\/blog\/bases-del-sorteo-familylove-en-familyland-market-madrid\/#breadcrumb"},"inLanguage":"es","potentialAction":[{"@type":"ReadAction","target":["https:\/\/www.evento.love\/blog\/bases-del-sorteo-familylove-en-familyland-market-madrid\/"]}]},{"@type":"BreadcrumbList","@id":"https:\/\/www.evento.love\/blog\/bases-del-sorteo-familylove-en-familyland-market-madrid\/#breadcrumb","itemListElement":[{"@type":"ListItem","position":1,"name":"Evento.love","item":"https:\/\/www.evento.love\/blog\/"},{"@type":"ListItem","position":2,"name":"Bases del sorteo #familylove en FamilyLand Market Madrid"}]},{"@type":"WebSite","@id":"https:\/\/www.evento.love\/blog\/#website","url":"https:\/\/www.evento.love\/blog\/","name":"El Blog de evento.love","description":"T\u00fa lo mereces. Disfruta de tu momento","publisher":{"@id":"https:\/\/www.evento.love\/blog\/#organization"},"potentialAction":[{"@type":"SearchAction","target":{"@type":"EntryPoint","urlTemplate":"https:\/\/www.evento.love\/blog\/?s={search_term_string}"},"query-input":"required name=search_term_string"}],"inLanguage":"es"},{"@type":"Organization","@id":"https:\/\/www.evento.love\/blog\/#organization","name":"evento.love","url":"https:\/\/www.evento.love\/blog\/","logo":{"@type":"ImageObject","inLanguage":"es","@id":"https:\/\/www.evento.love\/blog\/#\/schema\/logo\/image\/","url":"https:\/\/www.evento.love\/blog\/wp-content\/uploads\/2016\/07\/logo-evento-love.png","contentUrl":"https:\/\/www.evento.love\/blog\/wp-content\/uploads\/2016\/07\/logo-evento-love.png","width":197,"height":59,"caption":"evento.love"},"image":{"@id":"https:\/\/www.evento.love\/blog\/#\/schema\/logo\/image\/"},"sameAs":["https:\/\/www.facebook.com\/Evento.love\/","https:\/\/twitter.com\/Evento_love","https:\/\/www.instagram.com\/evento.love\/","https:\/\/es.pinterest.com\/evento_love\/","https:\/\/www.youtube.com\/channel\/UCcVbo6ymzx-7FlDJja8aQnw"]}]}},"_links":{"self":[{"href":"https:\/\/www.evento.love\/blog\/wp-json\/wp\/v2\/pages\/682"}],"collection":[{"href":"https:\/\/www.evento.love\/blog\/wp-json\/wp\/v2\/pages"}],"about":[{"href":"https:\/\/www.evento.love\/blog\/wp-json\/wp\/v2\/types\/page"}],"author":[{"embeddable":true,"href":"https:\/\/www.evento.love\/blog\/wp-json\/wp\/v2\/users\/1"}],"replies":[{"embeddable":true,"href":"https:\/\/www.evento.love\/blog\/wp-json\/wp\/v2\/comments?post=682"}],"version-history":[{"count":0,"href":"https:\/\/www.evento.love\/blog\/wp-json\/wp\/v2\/pages\/682\/revisions"}],"wp:attachment":[{"href":"https:\/\/www.evento.love\/blog\/wp-json\/wp\/v2\/media?parent=682"}],"curies":[{"name":"wp","href":"https:\/\/api.w.org\/{rel}","templated":true}]}}